{"id":1093,"date":"2020-08-11T17:35:57","date_gmt":"2020-08-11T17:35:57","guid":{"rendered":"https:\/\/hlsorgs3stg.wpenginepowered.com\/hialsa\/?page_id=1093"},"modified":"2025-09-23T16:45:06","modified_gmt":"2025-09-23T16:45:06","slug":"past-executive-boards","status":"publish","type":"page","link":"https:\/\/orgs.law.harvard.edu\/hialsa\/past-executive-boards\/","title":{"rendered":"Past Executive Boards"},"content":{"rendered":"\n<h2 class=\"wp-block-heading has-text-align-center\">2024-2025 Executive Board<\/h2>\n\n\n\n<p><strong>President<\/strong>: Jaebok Lee<\/p>\n\n\n\n<p><strong>VP Secretary<\/strong>: Paula Ibarg\u00fcen Ponce<\/p>\n\n\n\n<p><strong>VP Finance:<\/strong> Giancarlo Carrazza<\/p>\n\n\n\n<p><strong>VP Conference:<\/strong> Casey Wang and Abril Elverdin<\/p>\n\n\n\n<p><strong>VP Outreach &amp; Partnerships<\/strong>: Sylvia Elena D\u00e1vila Arsuaga<\/p>\n\n\n\n<p><strong>VP Events:<\/strong> Sunny (Wen Sun) and G\u00fclnur Ceylan<\/p>\n\n\n\n<p><strong>VP Media &amp; Communications:<\/strong> Alejandra Morales Anderson<\/p>\n\n\n\n<p><strong>VP Masterclass<\/strong>: Isabella Mej\u00eda Sierra and Jose Luis Repetto<\/p>\n\n\n\n<p><strong>VP Publications:<\/strong> Giulia Ferrigno and David von der Thannen<\/p>\n\n\n\n<h2 class=\"wp-block-heading has-text-align-center\"><strong>2023-2024 Executive Board<\/strong><\/h2>\n\n\n\n<p><strong>President:<\/strong> Hafsa Ahmad<\/p>\n\n\n\n<p><strong>VP Secretary:<\/strong> Ana Sof\u00eda Sapi\u00f1a Errecart<\/p>\n\n\n\n<p><strong>VP Finance:<\/strong> Jaebok Lee<\/p>\n\n\n\n<p><strong>VP Conference:<\/strong> Bastien Tirel, Haoyu Rao<\/p>\n\n\n\n<p><strong>VP Campus &amp; Internal Events:<\/strong> Carlos Guerrero Alarc\u00f3n, Carolina Catanzano<\/p>\n\n\n\n<p><strong>VP Outreach &amp; Partnerships:<\/strong> Berkay Arslan<\/p>\n\n\n\n<p><strong>VP MasterClass Workshops:<\/strong> Julia Jelenska, Sara Luc\u00eda Dang\u00f3n<\/p>\n\n\n\n<p><strong>VP Media &amp; Communications:<\/strong> Erin Ayunina<\/p>\n\n\n\n<p><strong>VP Publications:<\/strong> Roberto Cuchi<\/p>\n\n\n\n<h2 class=\"wp-block-heading has-text-align-center\"><strong>2022-2023 Executive Board<\/strong><\/h2>\n\n\n\n<p><strong>President:<\/strong> Valeriya Tsekhanska<\/p>\n\n\n\n<p><strong>VP Conference:<\/strong> Nicolas Cabellero Hernandez<br><strong>VP Conference:<\/strong> Aarushi Nargas<\/p>\n\n\n\n<p><strong>VP Masteclass:<\/strong> Daniel Hodgkinson<br><strong>VP Masteclass:<\/strong> Mohamed Bouzagou Ouali<br><strong>VP Masteclass:<\/strong> Aashna Chawla<\/p>\n\n\n\n<p><strong>VP Events<\/strong>: Karol Piwonski, Vice President<br><strong>VP Events:<\/strong> Patricija Rukstelyte, Vice President<\/p>\n\n\n\n<p><strong>VP Communications:<\/strong> Ewa Tokarewicz<\/p>\n\n\n\n<h2 class=\"wp-block-heading has-text-align-center\"><strong>2021-2022 Executive Board<\/strong><\/h2>\n\n\n\n<p><strong>President<\/strong>: Maryan Hassan<\/p>\n\n\n\n<p><strong>VP Workshop:<\/strong> Rosalind Liang<\/p>\n\n\n\n<p><strong>VP Academic Events: <\/strong>Bhushan Satish, Carmen Gabriela Olteanu, Mar\u00eda Laura Pessarini<span class=\"il\"><span lang=\"ES\"><br><\/span><\/span><\/p>\n\n\n\n<p><strong>VP Conference<\/strong>: Karim Zein, Sebastian Briceno, Aleksandra Anna \u017banowska<\/p>\n\n\n\n<p><strong>VP Social Events<\/strong>: Lodovico Amianto, G\u00f6k\u00e7e G\u00fcl \u00d6nder<\/p>\n\n\n\n<p><strong>VP Alumni &amp; Sponsor Relations:<\/strong> Janet Park, Martina Monti, Chenya Chiu<\/p>\n\n\n\n<p><strong>VP Media &amp; Communications<\/strong>: Boyang Wang, Aleix P\u00e9rez-Pitarch<\/p>\n\n\n\n<p><strong>VP Finance:<\/strong> Clara Carvalho e Silva<\/p>\n\n\n\n<h2 class=\"wp-block-heading has-text-align-center\"><strong>2020-2021 Executive Board<\/strong><\/h2>\n\n\n\n<p><strong>President<\/strong>: Shiyu (Jenny) Liang<\/p>\n\n\n\n<p><strong>VP Conference:<\/strong> Victor Ojeah, Shuhao Fan,&nbsp;Katherine Shen<\/p>\n\n\n\n<p><strong>VP Events: <\/strong><span class=\"il\"><span lang=\"ES\">Astrid Medianero, Yixian Sun, Shengming Zhang<br><\/span><\/span><\/p>\n\n\n\n<p><strong>VP Sponsor and Finance<\/strong>: Clara Carvalho<\/p>\n\n\n\n<p><strong>VP Workshop<\/strong>: Macarena Bahamonde, Kyle Gaines<\/p>\n\n\n\n<p><strong>VP Alumni Relations:<\/strong> Xiao (Rosalind) Liang<\/p>\n\n\n\n<p><strong>VP Media &amp; Communications<\/strong>: Joseph Choe<\/p>\n\n\n\n<h2 class=\"wp-block-heading has-text-align-center\"><strong>2019-2020 Executive Board<\/strong><\/h2>\n\n\n\n<p><strong>President<\/strong>: Jacob Omorodion<\/p>\n\n\n\n<p><strong>VP Conference:<\/strong> Ayako Fujihara, Coleman Saunders, <span class=\"il\">Clara<\/span>&nbsp;von Th\u00fcngen-Reichenbach<\/p>\n\n\n\n<p><strong>VP Events: <\/strong><span class=\"il\">Ragad Alfaraidy, Adriana&nbsp;Orellana, <span lang=\"ES\">Nicolas&nbsp;Pralica<\/span><\/span><\/p>\n\n\n\n<p><strong>VP Sponsor Relations<\/strong>: Shuhao Fan<\/p>\n\n\n\n<p><strong>VP Workshop<\/strong>: <span class=\"il\">Jenny<\/span>&nbsp;Liang<\/p>\n\n\n\n<p><strong>VP Finance<\/strong>: Tamsin Parzen<\/p>\n\n\n\n<p><strong>VP Alumni Relations:<\/strong> Kate Peiffer<\/p>\n\n\n\n<p><strong>VP Media &amp; Communications<\/strong>: Isha Jain, Weiran Yang<\/p>\n\n\n\n<h2 class=\"wp-block-heading has-text-align-center\"><strong>2018-2019 Executive Board<\/strong><\/h2>\n\n\n\n<p><strong>President<\/strong>: Devony Schmidt<\/p>\n\n\n\n<p><strong>VP Conference:<\/strong> Grace Gao, Shul Park, Rodrigo Macin Sanchez<\/p>\n\n\n\n<p><strong>VP Events<\/strong>: Roy Goldsman, Iris Sauvagnac, Han Seul Yoon<\/p>\n\n\n\n<p><strong>VP Workshop<\/strong>: Brayden Koslowsky<\/p>\n\n\n\n<p><strong>VP Finance<\/strong>: Eric Solomon<\/p>\n\n\n\n<p><strong>VP Media &amp; Communications<\/strong>: Jingtian Chen<\/p>\n\n\n\n<h2 class=\"wp-block-heading has-text-align-center\"><strong>2017-2018 Executive Board<\/strong><\/h2>\n\n\n\n<p><strong>President:<\/strong>&nbsp;Hiroko Yamamoto<\/p>\n\n\n\n<p><strong>VP Conference:<\/strong>&nbsp;Devony Schmidt,&nbsp;Rodrigo Barradas Muniz, Zeineb Bouraoui<strong>&nbsp;<\/strong><\/p>\n\n\n\n<p><strong>VP Events:&nbsp;<\/strong>Christian Vandergeest,&nbsp;Alexey Bardin, Zara Desai<\/p>\n\n\n\n<p><strong>VP Finance:&nbsp;<\/strong>Abhinaya Swaminathan<\/p>\n\n\n\n<p><strong>VP Media &amp; Communications:&nbsp;<\/strong>Grace Gao<\/p>\n\n\n\n<h2 class=\"wp-block-heading has-text-align-center\"><strong>2016-2017 Executive Board<\/strong><\/h2>\n\n\n\n<p><strong>President:<\/strong>&nbsp;Paige von Mehren<\/p>\n\n\n\n<p><strong>VP Events:&nbsp;<\/strong>Hiroko Yamamoto<\/p>\n\n\n\n<p><strong>VP Finance:&nbsp;<\/strong>Abhinaya Swaminathan<\/p>\n\n\n\n<p><strong>VP Academic:&nbsp;<\/strong>Alex Kamath<\/p>\n\n\n\n<p><strong>VP Communications:<\/strong>&nbsp;Isabel Yishu Yang<\/p>\n\n\n\n<p><strong>LLM<\/strong>&nbsp;<strong>Chair:<\/strong>&nbsp;<strong>&nbsp;<\/strong>Santiago Gatica<\/p>\n\n\n\n<h2 class=\"wp-block-heading has-text-align-center\"><strong>2014-2015 Founding HIALSA Board<\/strong><\/h2>\n\n\n\n<p><strong>President<\/strong>: Valeria Tiffer<\/p>\n\n\n\n<p><strong>Communications Chair<\/strong>: Marija \u0160obat<\/p>\n\n\n\n<p><strong>Treasurer<\/strong>: Juliana de Valdenebro Garrido<\/p>\n\n\n\n<p><strong>Professional Development Chair<\/strong>: Angelica Huacuja Garcia<\/p>\n\n\n\n<p><strong>JD Chair<\/strong>: Zain Jinnah<\/p>\n","protected":false},"excerpt":{"rendered":"<p>2024-2025 Executive Board President: Jaebok Lee VP Secretary: Paula Ibarg\u00fcen Ponce VP Finance: Giancarlo Carrazza VP Conference: Casey Wang and [&hellip;]<\/p>\n","protected":false},"author":2041,"featured_media":0,"parent":0,"menu_order":0,"comment_status":"closed","ping_status":"closed","template":"","meta":{"site-sidebar-layout":"default","site-content-layout":"","ast-site-content-layout":"default","site-content-style":"default","site-sidebar-style":"default","ast-global-header-display":"","ast-banner-title-visibility":"","ast-main-header-display":"","ast-hfb-above-header-display":"","ast-hfb-below-header-display":"","ast-hfb-mobile-header-display":"","site-post-title":"","ast-breadcrumbs-content":"","ast-featured-img":"","footer-sml-layout":"","ast-disable-related-posts":"","theme-transparent-header-meta":"","adv-header-id-meta":"","stick-header-meta":"","header-above-stick-meta":"","header-main-stick-meta":"","header-below-stick-meta":"","astra-migrate-meta-layouts":"default","ast-page-background-enabled":"default","ast-page-background-meta":{"desktop":{"background-color":"var(--ast-global-color-4)","background-image":"","background-repeat":"repeat","background-position":"center center","background-size":"auto","background-attachment":"scroll","background-type":"","background-media":"","overlay-type":"","overlay-color":"","overlay-opacity":"","overlay-gradient":""},"tablet":{"background-color":"","background-image":"","background-repeat":"repeat","background-position":"center center","background-size":"auto","background-attachment":"scroll","background-type":"","background-media":"","overlay-type":"","overlay-color":"","overlay-opacity":"","overlay-gradient":""},"mobile":{"background-color":"","background-image":"","background-repeat":"repeat","background-position":"center center","background-size":"auto","background-attachment":"scroll","background-type":"","background-media":"","overlay-type":"","overlay-color":"","overlay-opacity":"","overlay-gradient":""}},"ast-content-background-meta":{"desktop":{"background-color":"var(--ast-global-color-5)","background-image":"","background-repeat":"repeat","background-position":"center center","background-size":"auto","background-attachment":"scroll","background-type":"","background-media":"","overlay-type":"","overlay-color":"","overlay-opacity":"","overlay-gradient":""},"tablet":{"background-color":"var(--ast-global-color-5)","background-image":"","background-repeat":"repeat","background-position":"center center","background-size":"auto","background-attachment":"scroll","background-type":"","background-media":"","overlay-type":"","overlay-color":"","overlay-opacity":"","overlay-gradient":""},"mobile":{"background-color":"var(--ast-global-color-5)","background-image":"","background-repeat":"repeat","background-position":"center center","background-size":"auto","background-attachment":"scroll","background-type":"","background-media":"","overlay-type":"","overlay-color":"","overlay-opacity":"","overlay-gradient":""}},"jetpack_post_was_ever_published":false,"footnotes":""},"class_list":["post-1093","page","type-page","status-publish","hentry"],"jetpack_sharing_enabled":true,"jetpack_shortlink":"https:\/\/wp.me\/P5BZIA-hD","_links":{"self":[{"href":"https:\/\/orgs.law.harvard.edu\/hialsa\/wp-json\/wp\/v2\/pages\/1093","targetHints":{"allow":["GET"]}}],"collection":[{"href":"https:\/\/orgs.law.harvard.edu\/hialsa\/wp-json\/wp\/v2\/pages"}],"about":[{"href":"https:\/\/orgs.law.harvard.edu\/hialsa\/wp-json\/wp\/v2\/types\/page"}],"author":[{"embeddable":true,"href":"https:\/\/orgs.law.harvard.edu\/hialsa\/wp-json\/wp\/v2\/users\/2041"}],"replies":[{"embeddable":true,"href":"https:\/\/orgs.law.harvard.edu\/hialsa\/wp-json\/wp\/v2\/comments?post=1093"}],"version-history":[{"count":0,"href":"https:\/\/orgs.law.harvard.edu\/hialsa\/wp-json\/wp\/v2\/pages\/1093\/revisions"}],"wp:attachment":[{"href":"https:\/\/orgs.law.harvard.edu\/hialsa\/wp-json\/wp\/v2\/media?parent=1093"}],"curies":[{"name":"wp","href":"https:\/\/api.w.org\/{rel}","templated":true}]}}