{"id":1299,"date":"2023-11-03T05:13:47","date_gmt":"2023-11-03T05:13:47","guid":{"rendered":"https:\/\/hlsorgs3stg.wpenginepowered.com\/hela\/?page_id=1299"},"modified":"2025-08-01T16:06:15","modified_gmt":"2025-08-01T16:06:15","slug":"european-conference-2024","status":"publish","type":"page","link":"https:\/\/orgs.law.harvard.edu\/hela\/european-conference-2024\/","title":{"rendered":"European Conference 2024"},"content":{"rendered":"\n<figure class=\"wp-block-image alignleft is-resized\"><img loading=\"lazy\" decoding=\"async\" width=\"1350\" height=\"1550\" src=\"https:\/\/orgs.law.harvard.edu\/hela\/files\/2024\/02\/EuroConf24_sharepic.png\" alt=\"\" class=\"wp-image-1324\" style=\"width:612px;height:auto\" srcset=\"https:\/\/orgs.law.harvard.edu\/hela\/files\/2024\/02\/EuroConf24_sharepic.png 1350w, https:\/\/orgs.law.harvard.edu\/hela\/files\/2024\/02\/EuroConf24_sharepic-261x300.png 261w, https:\/\/orgs.law.harvard.edu\/hela\/files\/2024\/02\/EuroConf24_sharepic-892x1024.png 892w, https:\/\/orgs.law.harvard.edu\/hela\/files\/2024\/02\/EuroConf24_sharepic-768x882.png 768w, https:\/\/orgs.law.harvard.edu\/hela\/files\/2024\/02\/EuroConf24_sharepic-1338x1536.png 1338w\" sizes=\"auto, (max-width: 1350px) 100vw, 1350px\" \/><\/figure>\n\n\n\n<h2 class=\"wp-block-heading\">The 10th European Conference<\/h2>\n\n\n\n<p>Join&nbsp;us&nbsp;at&nbsp;<a href=\"https:\/\/www.linkedin.com\/company\/harvard-kennedy-school-of-government\/\" data-attribute-index=\"2\" data-entity-type=\"MINI_COMPANY\">Harvard Kennedy School<\/a>&nbsp;on&nbsp;<strong>February 9 and 10, 2024<\/strong>, for a two-day conference that will bring together political leaders, CEOs, world-class experts, and practitioners from across Europe to explore and discuss the challenges facing the continent today.<\/p>\n\n\n\n<p>The <strong>10th Anniversary Edition of the&nbsp;<a href=\"https:\/\/www.linkedin.com\/company\/european-conference\/\" data-attribute-index=\"4\" data-entity-type=\"MINI_COMPANY\">European Conference<\/a><\/strong>, entitled &#8220;The European Dream. 2024: A Continent at the Crossroads&#8221;, will cover key themes such as European Elections, the continued war in Ukraine, and megatrends such as climate, artificial intelligence, and migration. Overall, the conference will gather 3 of the current European Commissioners, 2 of the Vice-Presidents of the European Parliament, 6 acting Ministers, 2 former Heads of State, and 30+ practitioners, experts, and academics from all around Europe.<\/p>\n\n\n\n<p>We are proud to announce our keynote speakers:<\/p>\n\n\n\n<p>&#8211;&nbsp;<a href=\"https:\/\/www.linkedin.com\/in\/ACoAABpX6wcB9poNz-6m20A2bfS1NndbyBeTRAY\" data-attribute-index=\"6\" data-entity-type=\"MINI_PROFILE\">Maro\u0161 \u0160ef\u010dovi\u010d<\/a>, Executive Vice President of the European Commission, in charge of the European Green Deal, Interinstitutional Relations, and Foresight<br>&#8211; Elisa Ferreira, European Commissioner for Cohesion and Reforms<br>&#8211;&nbsp;<a href=\"https:\/\/www.linkedin.com\/in\/ACoAAATpJW4BLngp-hJCzq8d8PyA-5Wq5NkYwC8\" data-attribute-index=\"8\" data-entity-type=\"MINI_PROFILE\">Paolo Gentiloni<\/a>, European Commissioner for Economy<br>&#8211;&nbsp;<a href=\"https:\/\/www.linkedin.com\/in\/ACoAAABOz8oBkdS-nSX8npFShaTV7cJCZskptfE\" data-attribute-index=\"10\" data-entity-type=\"MINI_PROFILE\">Laurence Boone<\/a>, French Minister of State for Europe<br>&#8211;&nbsp;<a href=\"https:\/\/www.linkedin.com\/in\/ACoAAAcH0ugBmOEZtGcRsmioRgRJHkAcmenCn_U\" data-attribute-index=\"12\" data-entity-type=\"MINI_PROFILE\">Enrico Letta<\/a>, President of the Jacques Delors Institute and former Prime Minister of Italy.<\/p>\n\n\n\n<p>\u26d3\ufe0f You can <strong>sign up<\/strong> \u2013&nbsp;and see the full list of speakers \u2013&nbsp;on our website:&nbsp;<a href=\"http:\/\/www.euroconf.eu\/\" target=\"_self\" rel=\"noopener\" data-attribute-index=\"14\">www.euroconf.eu<\/a>.<\/p>\n\n\n\n<p>\ud83c\udf9f\ufe0f Secure your ticket before prices increase at noon on Friday, February 2, 2024!<\/p>\n\n\n\n<p>We invite you to take part in this incredible opportunity to engage with the top challenges facing Europe and the world today! Don&#8217;t miss it!<\/p>\n","protected":false},"excerpt":{"rendered":"<p>The 10th European Conference Join&nbsp;us&nbsp;at&nbsp;Harvard Kennedy School&nbsp;on&nbsp;February 9 and 10, 2024, for a two-day conference that will bring together political [&hellip;]<\/p>\n","protected":false},"author":2366,"featured_media":0,"parent":0,"menu_order":0,"comment_status":"closed","ping_status":"closed","template":"","meta":{"site-sidebar-layout":"default","site-content-layout":"","ast-site-content-layout":"default","site-content-style":"default","site-sidebar-style":"default","ast-global-header-display":"","ast-banner-title-visibility":"","ast-main-header-display":"","ast-hfb-above-header-display":"","ast-hfb-below-header-display":"","ast-hfb-mobile-header-display":"","site-post-title":"","ast-breadcrumbs-content":"","ast-featured-img":"","footer-sml-layout":"","ast-disable-related-posts":"","theme-transparent-header-meta":"","adv-header-id-meta":"","stick-header-meta":"","header-above-stick-meta":"","header-main-stick-meta":"","header-below-stick-meta":"","astra-migrate-meta-layouts":"default","ast-page-background-enabled":"default","ast-page-background-meta":{"desktop":{"background-color":"var(--ast-global-color-5)","background-image":"","background-repeat":"repeat","background-position":"center center","background-size":"auto","background-attachment":"scroll","background-type":"","background-media":"","overlay-type":"","overlay-color":"","overlay-opacity":"","overlay-gradient":""},"tablet":{"background-color":"","background-image":"","background-repeat":"repeat","background-position":"center center","background-size":"auto","background-attachment":"scroll","background-type":"","background-media":"","overlay-type":"","overlay-color":"","overlay-opacity":"","overlay-gradient":""},"mobile":{"background-color":"","background-image":"","background-repeat":"repeat","background-position":"center center","background-size":"auto","background-attachment":"scroll","background-type":"","background-media":"","overlay-type":"","overlay-color":"","overlay-opacity":"","overlay-gradient":""}},"ast-content-background-meta":{"desktop":{"background-color":"var(--ast-global-color-4)","background-image":"","background-repeat":"repeat","background-position":"center center","background-size":"auto","background-attachment":"scroll","background-type":"","background-media":"","overlay-type":"","overlay-color":"","overlay-opacity":"","overlay-gradient":""},"tablet":{"background-color":"var(--ast-global-color-4)","background-image":"","background-repeat":"repeat","background-position":"center center","background-size":"auto","background-attachment":"scroll","background-type":"","background-media":"","overlay-type":"","overlay-color":"","overlay-opacity":"","overlay-gradient":""},"mobile":{"background-color":"var(--ast-global-color-4)","background-image":"","background-repeat":"repeat","background-position":"center center","background-size":"auto","background-attachment":"scroll","background-type":"","background-media":"","overlay-type":"","overlay-color":"","overlay-opacity":"","overlay-gradient":""}},"jetpack_post_was_ever_published":false,"footnotes":""},"class_list":["post-1299","page","type-page","status-publish","hentry"],"jetpack_sharing_enabled":true,"jetpack_shortlink":"https:\/\/wp.me\/P5BZ6y-kX","_links":{"self":[{"href":"https:\/\/orgs.law.harvard.edu\/hela\/wp-json\/wp\/v2\/pages\/1299","targetHints":{"allow":["GET"]}}],"collection":[{"href":"https:\/\/orgs.law.harvard.edu\/hela\/wp-json\/wp\/v2\/pages"}],"about":[{"href":"https:\/\/orgs.law.harvard.edu\/hela\/wp-json\/wp\/v2\/types\/page"}],"author":[{"embeddable":true,"href":"https:\/\/orgs.law.harvard.edu\/hela\/wp-json\/wp\/v2\/users\/2366"}],"replies":[{"embeddable":true,"href":"https:\/\/orgs.law.harvard.edu\/hela\/wp-json\/wp\/v2\/comments?post=1299"}],"version-history":[{"count":0,"href":"https:\/\/orgs.law.harvard.edu\/hela\/wp-json\/wp\/v2\/pages\/1299\/revisions"}],"wp:attachment":[{"href":"https:\/\/orgs.law.harvard.edu\/hela\/wp-json\/wp\/v2\/media?parent=1299"}],"curies":[{"name":"wp","href":"https:\/\/api.w.org\/{rel}","templated":true}]}}